{"id":7184,"date":"2017-02-09T14:10:42","date_gmt":"2017-02-09T14:10:42","guid":{"rendered":"http:\/\/consult.loc\/?page_id=1480"},"modified":"2017-02-09T14:10:42","modified_gmt":"2017-02-09T14:10:42","slug":"contact-uc","status":"publish","type":"page","link":"https:\/\/dyscalculiaproject.name.tr\/?page_id=7184","title":{"rendered":"Contact Us"},"content":{"rendered":"\t\t<div data-elementor-type=\"wp-page\" data-elementor-id=\"7184\" class=\"elementor elementor-7184\">\n\t\t\t\t\t\t<section class=\"elementor-section elementor-top-section elementor-element elementor-element-67a73ff elementor-section-boxed elementor-section-height-default elementor-section-height-default\" data-id=\"67a73ff\" data-element_type=\"section\" data-e-type=\"section\">\n\t\t\t\t\t\t<div class=\"elementor-container elementor-column-gap-default\">\n\t\t\t\t\t<div class=\"elementor-column elementor-col-100 elementor-top-column elementor-element elementor-element-67a7b8b\" data-id=\"67a7b8b\" data-element_type=\"column\" data-e-type=\"column\">\n\t\t\t<div class=\"elementor-widget-wrap elementor-element-populated\">\n\t\t\t\t\t\t<div class=\"elementor-element elementor-element-67a7fa7 elementor-widget elementor-widget-text-editor\" data-id=\"67a7fa7\" data-element_type=\"widget\" data-e-type=\"widget\" data-widget_type=\"text-editor.default\">\n\t\t\t\t<div class=\"elementor-widget-container\">\n\t\t\t\t\t\t\t\t\t<p>You can contact us for all your opinions, suggestions, questions and requests about the project.<\/p>\n\t\t\t\t\t\t\t\t<\/div>\n\t\t\t\t<\/div>\n\t\t\t\t\t<\/div>\n\t\t<\/div>\n\t\t\t\t\t<\/div>\n\t\t<\/section>\n\t\t\t\t<section class=\"elementor-section elementor-top-section elementor-element elementor-element-67a81e2 elementor-section-boxed elementor-section-height-default elementor-section-height-default\" data-id=\"67a81e2\" data-element_type=\"section\" data-e-type=\"section\" data-settings=\"{&quot;background_background&quot;:&quot;classic&quot;}\">\n\t\t\t\t\t\t<div class=\"elementor-container elementor-column-gap-default\">\n\t\t\t\t\t<div class=\"elementor-column elementor-col-100 elementor-top-column elementor-element elementor-element-67a8778\" data-id=\"67a8778\" data-element_type=\"column\" data-e-type=\"column\" data-settings=\"{&quot;background_background&quot;:&quot;classic&quot;}\">\n\t\t\t<div class=\"elementor-widget-wrap elementor-element-populated\">\n\t\t\t\t\t\t<div class=\"elementor-element elementor-element-67a8d19 elementor-widget elementor-widget-vc_custom_heading\" data-id=\"67a8d19\" data-element_type=\"widget\" data-e-type=\"widget\" data-widget_type=\"vc_custom_heading.default\">\n\t\t\t\t<div class=\"elementor-widget-container\">\n\t\t\t\t\t<div class=\" vc_custom_heading border_base_color consulting_heading_font  text_align_left title_no_stripe\" ><h3 style=\"font-size: 20px;color: #222222;text-align: left;line-height: 45px;font-weight:700\" class=\"consulting-custom-title\">Address\n<\/h3><\/div>\t\t\t\t<\/div>\n\t\t\t\t<\/div>\n\t\t\t\t<div class=\"elementor-element elementor-element-67a9070 elementor-widget elementor-widget-stm_contacts_widget\" data-id=\"67a9070\" data-element_type=\"widget\" data-e-type=\"widget\" data-widget_type=\"stm_contacts_widget.default\">\n\t\t\t\t<div class=\"elementor-widget-container\">\n\t\t\t\t\t\n<div class=\"stm_contacts_widget consulting_elementor_contacts_widget style_4 \">\n    \n    \n    \n        <ul>\n                            <li>\n                    <div class=\"icon\"><i class=\"fa fa-map-marker\"><\/i><\/div>\n                    <div class=\"text\">100. Y\u0131l Mahallesi, 85183. Sk. No:4, 01170 \u00c7ukurova\/Adana<\/div>\n                <\/li>\n                                        <li>\n                    <div class=\"icon\"><i class=\"fa fa-phone\"><\/i><\/div>\n                    <div class=\"text\">\n                        +90 (0322) 200 96 00                                                    <br \/>+90 (0507) 233 66 60                                            <\/div>\n                <\/li>\n                                                    <li>\n                    <div class=\"icon\"><i class=\"fa fa-envelope\"><\/i><\/div>\n                    <div class=\"text\"><a href=\"mailto:&#97;&#103;u&#114;&#103;&#97;&#104;&#64;&#104;&#111;&#116;m&#97;&#105;l.&#99;om\">&#97;g&#117;&#114;ga&#104;&#64;h&#111;&#116;m&#97;i&#108;.&#99;om<\/a><\/div>\n                <\/li>\n                                <\/ul>\n                    <ul class=\"socials\">\n                                    <li><a href=\"#\" target=\"_blank\" class=\"social-facebook\"><i class=\"fa fa-facebook\"><\/i><\/a><\/li>\n                                                    <li><a href=\"#\" target=\"_blank\" class=\"social-twitter\"><i class=\"fa fa-twitter\"><\/i><\/a><\/li>\n                                                    <li><a href=\"#\" target=\"_blank\" class=\"social-linkedin\"><i class=\"fa fa-linkedin\"><\/i><\/a><\/li>\n                                                    <li><a href=\"#\" target=\"_blank\" class=\"social-google-plus\"><i class=\"fa fa-google-plus\"><\/i><\/a><\/li>\n                                                    <li><a href=\"skype:#\" class=\"social-skype\"><i class=\"fa fa-skype\"><\/i><\/a><\/li>\n                            <\/ul>\n        \n    \n<\/div>\t\t\t\t<\/div>\n\t\t\t\t<\/div>\n\t\t\t\t\t<\/div>\n\t\t<\/div>\n\t\t\t\t<div class=\"elementor-column elementor-col-100 elementor-top-column elementor-element elementor-element-67a90fe\" data-id=\"67a90fe\" data-element_type=\"column\" data-e-type=\"column\" data-settings=\"{&quot;background_background&quot;:&quot;classic&quot;}\">\n\t\t\t<div class=\"elementor-widget-wrap elementor-element-populated\">\n\t\t\t\t\t\t<div class=\"elementor-element elementor-element-67a9453 elementor-widget elementor-widget-vc_custom_heading\" data-id=\"67a9453\" data-element_type=\"widget\" data-e-type=\"widget\" data-widget_type=\"vc_custom_heading.default\">\n\t\t\t\t<div class=\"elementor-widget-container\">\n\t\t\t\t\t<div class=\" vc_custom_heading border_base_color consulting_heading_font  text_align_left title_no_stripe\" ><h3 style=\"font-size: 20px;color: #222222;text-align: left;line-height: 45px;font-weight:700\" class=\"consulting-custom-title\">Project Coordinator\n<\/h3><\/div>\t\t\t\t<\/div>\n\t\t\t\t<\/div>\n\t\t\t\t<div class=\"elementor-element elementor-element-67a9629 elementor-widget elementor-widget-text-editor\" data-id=\"67a9629\" data-element_type=\"widget\" data-e-type=\"widget\" data-widget_type=\"text-editor.default\">\n\t\t\t\t<div class=\"elementor-widget-container\">\n\t\t\t\t\t\t\t\t\t<p><span style=\"line-height: 22px;\">For more information regarding current career opportunities, please contact:<\/span><\/p>\n\t\t\t\t\t\t\t\t<\/div>\n\t\t\t\t<\/div>\n\t\t\t\t<div class=\"elementor-element elementor-element-67a981b elementor-widget elementor-widget-stm_contact\" data-id=\"67a981b\" data-element_type=\"widget\" data-e-type=\"widget\" data-widget_type=\"stm_contact.default\">\n\t\t\t\t<div class=\"elementor-widget-container\">\n\t\t\t\t\t    <div class=\"stm_contact_two consulting_elementor_contact_ clearfix\">\n                    <div class=\"stm_contact_image\">\n                <img decoding=\"async\" src=\"https:\/\/dyscalculiaproject.name.tr\/wp-content\/plugins\/js_composer\/assets\/vc\/no_image.png\" \/>            <\/div>\n                <div class=\"stm_contact_info\">\n            <h5 class=\"no_stripe\">Ay\u015fe Karak\u0131l\u0131\u00e7<\/h5>\n                            <div class=\"stm_contact_job\">Project Office<\/div>\n                                        <div class=\"stm_contact_row\"><i class=\"fa fa-phone\"><\/i> +90 (0322) 200 96 00                    <br\/>+90 (0507) 233 66 60<\/div>\n                                        <div class=\"stm_contact_row\"><i class=\"fa fa-envelope\"><\/i> <a\n                        href=\"mailto:&#97;g&#117;r&#103;ah&#64;hot&#109;ail.&#99;&#111;m\">&#97;g&#117;r&#103;a&#104;&#64;&#104;otma&#105;l.c&#111;m<\/a>\n                <\/div>\n                                <\/div>\n    <\/div>\n\t\t\t\t<\/div>\n\t\t\t\t<\/div>\n\t\t\t\t\t<\/div>\n\t\t<\/div>\n\t\t\t\t<div class=\"elementor-column elementor-col-100 elementor-top-column elementor-element elementor-element-67a9b5b\" data-id=\"67a9b5b\" data-element_type=\"column\" data-e-type=\"column\" data-settings=\"{&quot;background_background&quot;:&quot;classic&quot;}\">\n\t\t\t<div class=\"elementor-widget-wrap elementor-element-populated\">\n\t\t\t\t\t\t<div class=\"elementor-element elementor-element-67a9ed6 elementor-widget elementor-widget-vc_custom_heading\" data-id=\"67a9ed6\" data-element_type=\"widget\" data-e-type=\"widget\" data-widget_type=\"vc_custom_heading.default\">\n\t\t\t\t<div class=\"elementor-widget-container\">\n\t\t\t\t\t<div class=\" vc_custom_heading border_base_color consulting_heading_font  text_align_left title_no_stripe\" ><h3 style=\"font-size: 20px;color: #222222;text-align: left;line-height: 45px;font-weight:700\" class=\"consulting-custom-title\">Project Office\n<\/h3><\/div>\t\t\t\t<\/div>\n\t\t\t\t<\/div>\n\t\t\t\t<div class=\"elementor-element elementor-element-67aa094 elementor-widget elementor-widget-text-editor\" data-id=\"67aa094\" data-element_type=\"widget\" data-e-type=\"widget\" data-widget_type=\"text-editor.default\">\n\t\t\t\t<div class=\"elementor-widget-container\">\n\t\t\t\t\t\t\t\t\t<p><span style=\"line-height: 22px;\">If you are a member of the press and would like to speak with someone at Consulting, please contact:<\/span><\/p>\n\t\t\t\t\t\t\t\t<\/div>\n\t\t\t\t<\/div>\n\t\t\t\t<div class=\"elementor-element elementor-element-67aa298 elementor-widget elementor-widget-stm_contact\" data-id=\"67aa298\" data-element_type=\"widget\" data-e-type=\"widget\" data-widget_type=\"stm_contact.default\">\n\t\t\t\t<div class=\"elementor-widget-container\">\n\t\t\t\t\t    <div class=\"stm_contact_two consulting_elementor_contact_ clearfix\">\n                    <div class=\"stm_contact_image\">\n                <img decoding=\"async\" src=\"https:\/\/dyscalculiaproject.name.tr\/wp-content\/plugins\/js_composer\/assets\/vc\/no_image.png\" \/>            <\/div>\n                <div class=\"stm_contact_info\">\n            <h5 class=\"no_stripe\">Rezzan Gizir<\/h5>\n                            <div class=\"stm_contact_job\">Project Office<\/div>\n                                        <div class=\"stm_contact_row\"><i class=\"fa fa-phone\"><\/i> +90 (0322) 200 96 00                    <br\/>+90 (0533) 436 26 66<\/div>\n                                        <div class=\"stm_contact_row\"><i class=\"fa fa-envelope\"><\/i> <a\n                        href=\"mailto:&#114;&#101;z&#122;an&#98;a&#108;c&#105;l&#97;r&#64;&#103;&#109;a&#105;&#108;&#46;&#99;&#111;&#109;\">r&#101;zz&#97;nb&#97;&#108;c&#105;&#108;ar&#64;gma&#105;&#108;&#46;co&#109;<\/a>\n                <\/div>\n                                <\/div>\n    <\/div>\n\t\t\t\t<\/div>\n\t\t\t\t<\/div>\n\t\t\t\t\t<\/div>\n\t\t<\/div>\n\t\t\t\t\t<\/div>\n\t\t<\/section>\n\t\t\t\t<section class=\"elementor-section elementor-top-section elementor-element elementor-element-67aa506 elementor-section-boxed elementor-section-height-default elementor-section-height-default\" data-id=\"67aa506\" data-element_type=\"section\" data-e-type=\"section\" data-settings=\"{&quot;background_background&quot;:&quot;classic&quot;}\">\n\t\t\t\t\t\t<div class=\"elementor-container elementor-column-gap-default\">\n\t\t\t\t\t<div class=\"elementor-column elementor-col-100 elementor-top-column elementor-element elementor-element-67aa974\" data-id=\"67aa974\" data-element_type=\"column\" data-e-type=\"column\">\n\t\t\t<div class=\"elementor-widget-wrap elementor-element-populated\">\n\t\t\t\t\t\t<div class=\"elementor-element elementor-element-67aacf4 elementor-widget elementor-widget-google_maps\" data-id=\"67aacf4\" data-element_type=\"widget\" data-e-type=\"widget\" data-widget_type=\"google_maps.default\">\n\t\t\t\t<div class=\"elementor-widget-container\">\n\t\t\t\t\t\t\t<div class=\"elementor-custom-embed\">\n\t\t\t<iframe loading=\"lazy\"\n\t\t\t\t\tsrc=\"https:\/\/maps.google.com\/maps?q=37.054189694653786%2C%2035.246933291049565&#038;t=m&#038;z=15&#038;output=embed&#038;iwloc=near\"\n\t\t\t\t\ttitle=\"37.054189694653786, 35.246933291049565\"\n\t\t\t\t\taria-label=\"37.054189694653786, 35.246933291049565\"\n\t\t\t><\/iframe>\n\t\t<\/div>\n\t\t\t\t\t\t<\/div>\n\t\t\t\t<\/div>\n\t\t\t\t\t<\/div>\n\t\t<\/div>\n\t\t\t\t\t<\/div>\n\t\t<\/section>\n\t\t\t\t<section class=\"elementor-section elementor-top-section elementor-element elementor-element-67aaf9c elementor-section-boxed elementor-section-height-default elementor-section-height-default\" data-id=\"67aaf9c\" data-element_type=\"section\" data-e-type=\"section\" data-settings=\"{&quot;background_background&quot;:&quot;classic&quot;}\">\n\t\t\t\t\t\t<div class=\"elementor-container elementor-column-gap-default\">\n\t\t\t\t\t<div class=\"elementor-column elementor-col-100 elementor-top-column elementor-element elementor-element-67ab467\" data-id=\"67ab467\" data-element_type=\"column\" data-e-type=\"column\">\n\t\t\t<div class=\"elementor-widget-wrap elementor-element-populated\">\n\t\t\t\t\t\t<div class=\"elementor-element elementor-element-67ab97e elementor-widget elementor-widget-vc_custom_heading\" data-id=\"67ab97e\" data-element_type=\"widget\" data-e-type=\"widget\" data-widget_type=\"vc_custom_heading.default\">\n\t\t\t\t<div class=\"elementor-widget-container\">\n\t\t\t\t\t<div class=\" vc_custom_heading  consulting_heading_font  text_align_left\" ><h4 style=\"text-align: left;font-weight:700\" class=\"consulting-custom-title\">Contact Form\n<\/h4><\/div>\t\t\t\t<\/div>\n\t\t\t\t<\/div>\n\t\t\t\t<div class=\"elementor-element elementor-element-67abc05 elementor-widget elementor-widget-stm_contact_form_7\" data-id=\"67abc05\" data-element_type=\"widget\" data-e-type=\"widget\" data-widget_type=\"stm_contact_form_7.default\">\n\t\t\t\t<div class=\"elementor-widget-container\">\n\t\t\t\t\t\n<div class=\"wpcf7 no-js\" id=\"wpcf7-f1476-o1\" lang=\"en-US\" dir=\"ltr\" data-wpcf7-id=\"1476\">\n<div class=\"screen-reader-response\"><p role=\"status\" aria-live=\"polite\" aria-atomic=\"true\"><\/p> <ul><\/ul><\/div>\n<form action=\"\/index.php?rest_route=%2Fwp%2Fv2%2Fpages%2F7184#wpcf7-f1476-o1\" method=\"post\" class=\"wpcf7-form init\" aria-label=\"Contact form\" novalidate=\"novalidate\" data-status=\"init\">\n<fieldset class=\"hidden-fields-container\"><input type=\"hidden\" name=\"_wpcf7\" value=\"1476\" \/><input type=\"hidden\" name=\"_wpcf7_version\" value=\"6.1.5\" \/><input type=\"hidden\" name=\"_wpcf7_locale\" value=\"en_US\" \/><input type=\"hidden\" name=\"_wpcf7_unit_tag\" value=\"wpcf7-f1476-o1\" \/><input type=\"hidden\" name=\"_wpcf7_container_post\" value=\"0\" \/><input type=\"hidden\" name=\"_wpcf7_posted_data_hash\" value=\"\" \/>\n<\/fieldset>\n<div class=\"request_callback\">\n\t<div class=\"row\">\n\t\t<div class=\"col-lg-4 col-md-4 col-sm-12 col-xs-12\">\n\t\t\t<div class=\"input-group\">\n\t\t\t\t<p><span class=\"wpcf7-form-control-wrap\" data-name=\"message\"><textarea cols=\"40\" rows=\"10\" maxlength=\"2000\" class=\"wpcf7-form-control wpcf7-textarea wpcf7-validates-as-required height205\" aria-required=\"true\" aria-invalid=\"false\" placeholder=\"Your Message *\" name=\"message\"><\/textarea><\/span>\n\t\t\t\t<\/p>\n\t\t\t<\/div>\n\t\t<\/div>\n\t\t<div class=\"col-lg-4 col-md-4 col-sm-12 col-xs-12\">\n\t\t\t<div class=\"input-group\">\n\t\t\t\t<p><span class=\"wpcf7-form-control-wrap\" data-name=\"text-name\"><input size=\"40\" maxlength=\"400\" class=\"wpcf7-form-control wpcf7-text wpcf7-validates-as-required\" aria-required=\"true\" aria-invalid=\"false\" placeholder=\"First name *\" value=\"\" type=\"text\" name=\"text-name\" \/><\/span>\n\t\t\t\t<\/p>\n\t\t\t<\/div>\n\t\t\t<div class=\"input-group\">\n\t\t\t\t<p><span class=\"wpcf7-form-control-wrap\" data-name=\"email\"><input size=\"40\" maxlength=\"400\" class=\"wpcf7-form-control wpcf7-email wpcf7-validates-as-required wpcf7-text wpcf7-validates-as-email\" aria-required=\"true\" aria-invalid=\"false\" placeholder=\"E-mail *\" value=\"\" type=\"email\" name=\"email\" \/><\/span>\n\t\t\t\t<\/p>\n\t\t\t<\/div>\n\t\t\t<div class=\"input-group\">\n\t\t\t\t<p><span class=\"wpcf7-form-control-wrap\" data-name=\"menu-774\"><select class=\"wpcf7-form-control wpcf7-select wpcf7-validates-as-required\" aria-required=\"true\" aria-invalid=\"false\" name=\"menu-774\"><option value=\"\">Reason for Contact *<\/option><option value=\"Value1\">Value1<\/option><option value=\"Value2\">Value2<\/option><\/select><\/span>\n\t\t\t\t<\/p>\n\t\t\t<\/div>\n\t\t<\/div>\n\t\t<div class=\"col-lg-4 col-md-4 col-sm-12 col-xs-12\">\n\t\t\t<div class=\"input-group\">\n\t\t\t\t<p><span class=\"wpcf7-form-control-wrap\" data-name=\"menu-363\"><select class=\"wpcf7-form-control wpcf7-select wpcf7-validates-as-required\" aria-required=\"true\" aria-invalid=\"false\" name=\"menu-363\"><option value=\"\">Area of Interest *<\/option><option value=\"Value1\">Value1<\/option><option value=\"Value2\">Value2<\/option><\/select><\/span>\n\t\t\t\t<\/p>\n\t\t\t<\/div>\n\t\t\t<div class=\"input-group\">\n\t\t\t\t<p><span class=\"wpcf7-form-control-wrap\" data-name=\"subject\"><input size=\"40\" maxlength=\"400\" class=\"wpcf7-form-control wpcf7-text wpcf7-validates-as-required\" aria-required=\"true\" aria-invalid=\"false\" placeholder=\"Subject *\" value=\"\" type=\"text\" name=\"subject\" \/><\/span>\n\t\t\t\t<\/p>\n\t\t\t<\/div>\n\t\t\t<div class=\"input-group\">\n\t\t\t\t<p><button type=\"submit\" class=\"button size-lg icon_right\">submit <i class=\"fa fa-chevron-right\"><\/i><\/button>\n\t\t\t\t<\/p>\n\t\t\t<\/div>\n\t\t<\/div>\n\t<\/div>\n<\/div><div class=\"wpcf7-response-output\" aria-hidden=\"true\"><\/div>\n<\/form>\n<\/div>\n\t\t\t\t\t\t<\/div>\n\t\t\t\t<\/div>\n\t\t\t\t\t<\/div>\n\t\t<\/div>\n\t\t\t\t\t<\/div>\n\t\t<\/section>\n\t\t\t\t<\/div>\n\t\t","protected":false},"excerpt":{"rendered":"<p>You can contact us for all your opinions, suggestions, questions and requests about the project. Address 100. Y\u0131l Mahallesi, 85183. Sk. No:4, 01170 \u00c7ukurova\/Adana +90 (0322) 200 96 00 +90 (0507) 233 66 60 &#97;gur&#103;&#97;h&#64;h&#111;&#116;m&#97;i&#108;.com Project Coordinator For more information regarding current career opportunities, please contact: Ay\u015fe Karak\u0131l\u0131\u00e7 Project Office +90 (0322) 200 96 00<\/p>\n","protected":false},"author":1,"featured_media":0,"parent":0,"menu_order":0,"comment_status":"closed","ping_status":"closed","template":"","meta":{"footnotes":""},"class_list":["post-7184","page","type-page","status-publish","hentry"],"_links":{"self":[{"href":"https:\/\/dyscalculiaproject.name.tr\/index.php?rest_route=\/wp\/v2\/pages\/7184","targetHints":{"allow":["GET"]}}],"collection":[{"href":"https:\/\/dyscalculiaproject.name.tr\/index.php?rest_route=\/wp\/v2\/pages"}],"about":[{"href":"https:\/\/dyscalculiaproject.name.tr\/index.php?rest_route=\/wp\/v2\/types\/page"}],"author":[{"embeddable":true,"href":"https:\/\/dyscalculiaproject.name.tr\/index.php?rest_route=\/wp\/v2\/users\/1"}],"replies":[{"embeddable":true,"href":"https:\/\/dyscalculiaproject.name.tr\/index.php?rest_route=%2Fwp%2Fv2%2Fcomments&post=7184"}],"version-history":[{"count":0,"href":"https:\/\/dyscalculiaproject.name.tr\/index.php?rest_route=\/wp\/v2\/pages\/7184\/revisions"}],"wp:attachment":[{"href":"https:\/\/dyscalculiaproject.name.tr\/index.php?rest_route=%2Fwp%2Fv2%2Fmedia&parent=7184"}],"curies":[{"name":"wp","href":"https:\/\/api.w.org\/{rel}","templated":true}]}}